{"id":102,"date":"2018-05-30T09:48:35","date_gmt":"2018-05-30T07:48:35","guid":{"rendered":"http:\/\/www.epsvfmons.be\/?page_id=102"},"modified":"2026-01-27T15:56:45","modified_gmt":"2026-01-27T14:56:45","slug":"formation-dassistant-logistique-en-unites-de-soins","status":"publish","type":"page","link":"https:\/\/www.epsvfmons.be\/?page_id=102","title":{"rendered":"Formation d&rsquo;assistant logistique en unit\u00e9s de soins"},"content":{"rendered":"\n<figure class=\"wp-block-image is-resized\"><img loading=\"lazy\" decoding=\"async\" width=\"1080\" height=\"1080\" src=\"https:\/\/www.epsvfmons.be\/wp-content\/uploads\/2024\/11\/formation-Aide-soignant-Aide-familiale-1.png\" alt=\"\" class=\"wp-image-921\" style=\"width:428px;height:auto\" srcset=\"https:\/\/www.epsvfmons.be\/wp-content\/uploads\/2024\/11\/formation-Aide-soignant-Aide-familiale-1.png 1080w, https:\/\/www.epsvfmons.be\/wp-content\/uploads\/2024\/11\/formation-Aide-soignant-Aide-familiale-1-300x300.png 300w, https:\/\/www.epsvfmons.be\/wp-content\/uploads\/2024\/11\/formation-Aide-soignant-Aide-familiale-1-1024x1024.png 1024w, https:\/\/www.epsvfmons.be\/wp-content\/uploads\/2024\/11\/formation-Aide-soignant-Aide-familiale-1-150x150.png 150w, https:\/\/www.epsvfmons.be\/wp-content\/uploads\/2024\/11\/formation-Aide-soignant-Aide-familiale-1-768x768.png 768w\" sizes=\"(max-width: 1080px) 100vw, 1080px\" \/><\/figure>\n\n\n<p><strong>Profil\u00a0<\/strong><\/p>\n<p>L\u2019assistant en logistique est un travailleur intellectuel affect\u00e9 \u00e0 l\u2019unit\u00e9 de soins en soutien du personnel infirmier pour\u00a0:<\/p>\n<ul>\n<li>Am\u00e9liorer le confort des patients.<\/li>\n<li>R\u00e9aliser des t\u00e2ches d\u2019assistance des patients.<\/li>\n<\/ul>\n\n\n<p><strong>Organisation de la section<\/strong><\/p>\n\n\n\n<ul>\n<li>64 p\u00e9riodes\u00a0: Cours th\u00e9orique \u00e0 raison d\u2019une journ\u00e9e \/ semaine<\/li>\n\n\n\n<li>32 p\u00e9riodes\u00a0: Stage<\/li>\n<\/ul>\n\n\n\n<p><strong>Programmation<\/strong><\/p>\n\n\n\n<p>Formations en janvier<\/p>\n\n\n\n<p><strong>Condition d\u2019inscription<\/strong>&nbsp;<\/p>\n\n\n\n<p>\u00catre porteur d\u2019un titre (brevet, dipl\u00f4me ou certificat) de l\u2019enseignement secondaire sup\u00e9rieur du domaine param\u00e9dical&nbsp;:<\/p>\n\n\n\n<ul>\n<li>auxiliaire familiale et sanitaire\u00a0;<\/li>\n\n\n\n<li>pu\u00e9riculture, aspirant en nursing\u00a0;<\/li>\n\n\n\n<li>aide familiale\u00a0;<\/li>\n\n\n\n<li>assistant en g\u00e9riatrie\u00a0;<\/li>\n\n\n\n<li>\u00e9ducation, moniteur de collectivit\u00e9s\u00a0;<\/li>\n\n\n\n<li>auxiliaire polyvalent des services \u00e0 domicile et en collectivit\u00e9s ou aide polyvalente de collectivit\u00e9s.<\/li>\n<\/ul>\n\n\n\n<p><strong>Dur\u00e9e de la formation&nbsp;<\/strong><\/p>\n\n\n\n<p>3 mois<\/p>\n\n\n\n<div class=\"wp-block-buttons is-layout-flex wp-block-buttons-is-layout-flex\">\n<div class=\"wp-block-button\"><a class=\"wp-block-button__link wp-element-button\" href=\"https:\/\/www.epsvfmons.be\/?page_id=81\">Inscription<\/a><\/div>\n<\/div>\n","protected":false},"excerpt":{"rendered":"<p>Profil\u00a0 L\u2019assistant en logistique est un travailleur intellectuel affect\u00e9 \u00e0 l\u2019unit\u00e9 de soins en soutien du personnel infirmier pour\u00a0: Am\u00e9liorer le confort des patients. R\u00e9aliser des t\u00e2ches d\u2019assistance des patients. Organisation de la section Programmation Formations en janvier Condition d\u2019inscription&nbsp; \u00catre porteur d\u2019un titre (brevet, dipl\u00f4me ou certificat) de l\u2019enseignement secondaire sup\u00e9rieur du domaine param\u00e9dical&nbsp;: [&hellip;]<\/p>\n","protected":false},"author":1,"featured_media":0,"parent":0,"menu_order":0,"comment_status":"closed","ping_status":"closed","template":"","meta":{"footnotes":""},"_links":{"self":[{"href":"https:\/\/www.epsvfmons.be\/index.php?rest_route=\/wp\/v2\/pages\/102"}],"collection":[{"href":"https:\/\/www.epsvfmons.be\/index.php?rest_route=\/wp\/v2\/pages"}],"about":[{"href":"https:\/\/www.epsvfmons.be\/index.php?rest_route=\/wp\/v2\/types\/page"}],"author":[{"embeddable":true,"href":"https:\/\/www.epsvfmons.be\/index.php?rest_route=\/wp\/v2\/users\/1"}],"replies":[{"embeddable":true,"href":"https:\/\/www.epsvfmons.be\/index.php?rest_route=%2Fwp%2Fv2%2Fcomments&post=102"}],"version-history":[{"count":14,"href":"https:\/\/www.epsvfmons.be\/index.php?rest_route=\/wp\/v2\/pages\/102\/revisions"}],"predecessor-version":[{"id":1072,"href":"https:\/\/www.epsvfmons.be\/index.php?rest_route=\/wp\/v2\/pages\/102\/revisions\/1072"}],"wp:attachment":[{"href":"https:\/\/www.epsvfmons.be\/index.php?rest_route=%2Fwp%2Fv2%2Fmedia&parent=102"}],"curies":[{"name":"wp","href":"https:\/\/api.w.org\/{rel}","templated":true}]}}