{"id":104,"date":"2018-05-30T09:49:19","date_gmt":"2018-05-30T07:49:19","guid":{"rendered":"http:\/\/www.epsvfmons.be\/?page_id=104"},"modified":"2026-01-27T16:04:11","modified_gmt":"2026-01-27T15:04:11","slug":"formation-dauxiliaire-de-lenfance","status":"publish","type":"page","link":"https:\/\/www.epsvfmons.be\/?page_id=104","title":{"rendered":"Formation d&rsquo;auxiliaire de l&rsquo;enfance"},"content":{"rendered":"\n<figure class=\"wp-block-image size-full\"><img loading=\"lazy\" decoding=\"async\" width=\"503\" height=\"491\" src=\"https:\/\/www.epsvfmons.be\/wp-content\/uploads\/2026\/01\/image-8.png\" alt=\"\" class=\"wp-image-1073\" srcset=\"https:\/\/www.epsvfmons.be\/wp-content\/uploads\/2026\/01\/image-8.png 503w, https:\/\/www.epsvfmons.be\/wp-content\/uploads\/2026\/01\/image-8-300x293.png 300w\" sizes=\"(max-width: 503px) 100vw, 503px\" \/><\/figure>\n\n\n<p><strong>Profil<\/strong><\/p>\n<p>L\u2019auxiliaire de l\u2019enfance est un professionnel qui accueille les enfants confi\u00e9s par leurs parents en dehors du temps scolaire et assure leur prise en charge en l\u2019absence de ceux-ci. Son action vise \u00e0 assurer aupr\u00e8s des enfants de 0 \u00e0 12 ans une pr\u00e9sence stimulante et \u00e9panouissante dans des structures d\u2019accueil collectives et\/ou dans un cadre \u00e0 caract\u00e8re familial, \u00e0 assumer un r\u00f4le \u00e9ducatif dans le respect des valeurs et du projet \u00e9ducatif des parents et des structures qui l\u2019emploient et r\u00e9pondant aux exigences du \u00ab code de qualit\u00e9 \u00bb tel que d\u00e9fini par l\u2019Arr\u00eat\u00e9 du Gouvernement de la Communaut\u00e9 Fran\u00e7aise du 17.12.2003 (Moniteur belge du 19.04.2004). Par son action, il contribuera \u00e0 la coh\u00e9sion sociale en favorisant l\u2019h\u00e9t\u00e9rog\u00e9n\u00e9it\u00e9 des publics dans un m\u00eame lieu et participera \u00e0 la consolidation de la vie familiale.<\/p>\n<p>Ses principales t\u00e2ches\u00a0:<\/p>\n<ul>\n<li>Assurer, de mani\u00e8re personnalis\u00e9e et chaleureuse, un accueil conjoint des enfants et de leur famille<\/li>\n<li>observer l\u2019enfant dans diff\u00e9rentes situations de vie et r\u00e9diger un rapport succinct sur les moments d\u2019accueil de l\u2019enfant ;<\/li>\n<li>communiquer aux personnes concern\u00e9es des informations pertinentes dans un souci de continuit\u00e9 et de compl\u00e9mentarit\u00e9 ;<\/li>\n<li>ajuster son intervention \u00e0 l\u2019activit\u00e9 de l\u2019enfant<\/li>\n<li>assurer son bien-\u00eatre physique (les soins, l\u2019hygi\u00e8ne, l\u2019alimentation, la sant\u00e9) et psychologique ;<\/li>\n<li>assurer sa s\u00e9curit\u00e9 physique et psychologique<\/li>\n<li>mettre en place les conditions permettant aux enfants de vivre leurs activit\u00e9s, de d\u00e9velopper leur autonomie et leur prise d\u2019initiatives ;<\/li>\n<li>g\u00e9rer les moments d\u2019accueil en fonction du rythme et des besoins des enfants pr\u00e9sents ;<\/li>\n<li>stimuler le dialogue, la coop\u00e9ration au sein des groupes d\u2019enfants et g\u00e9rer les conflits \u00e9ventuels ;<\/li>\n<li>am\u00e9nager un espace ad\u00e9quat o\u00f9 ils peuvent s\u2019\u00e9panouir et se d\u00e9velopper ;<\/li>\n<li>veiller au bon \u00e9tat et \u00e0 la propret\u00e9 du mat\u00e9riel, des jouets et des pi\u00e8ces de l\u2019accueil ;<\/li>\n<li>situer son intervention dans un cadre professionnel (respect des engagements contractuels, des r\u00e8gles de d\u00e9ontologie,\u2026) ;<\/li>\n<li>mettre en \u0153uvre le projet \u00e9ducatif en collaboration avec l\u2019\u00e9quipe ;<\/li>\n<li>participer \u00e0 des r\u00e9unions d\u2019\u00e9quipe et \u00e0 des formations continu\u00e9es ;<\/li>\n<li>\u00e9tablir un espace de dialogue avec la famille1 ;<\/li>\n<li>\u00e9valuer son action.<\/li>\n<\/ul>\n<div id=\"ConnectiveDocSignExtentionInstalled\" data-extension-version=\"1.0.4\">\n<p><strong>Lieux de prestation<\/strong><\/p>\n<ul>\n<li>Milieux d\u2019accueil des enfants de 0 \u00e0 6 ans : cr\u00e8ches, cr\u00e8ches parentales, pr\u00e9 gardiennats, maisons d\u2019enfants, maisons communales d\u2019accueil de l\u2019enfance, halte-garderie,<\/li>\n<li>Accueil des enfants durant leur temps libre : accueil extrascolaire, \u00e9cole de devoirs<\/li>\n<li>Centres de vacances (moyennant un stage sp\u00e9cifique de 150 heures),<\/li>\n<li>Accueil d\u2019enfants dans un cadre \u00e0 caract\u00e8re familial, autonome ou dans un service d\u2019accueillantes d\u2019enfants conventionn\u00e9es,<\/li>\n<li>Service de garde d\u2019enfants malades,\u2026<\/li>\n<\/ul>\n<p><strong>Titre d\u00e9livr\u00e9<\/strong><\/p>\n<p>Certificat de qualification \u00ab Auxiliaire de l\u2019enfance \u00bb sp\u00e9cifique \u00e0 l&rsquo;enseignement pour adultes du secondaire sup\u00e9rieur.<\/p>\n<p><strong>Organigramme de la section<\/strong><\/p>\n<\/div>\n\n\n<figure class=\"wp-block-image size-full\"><img loading=\"lazy\" decoding=\"async\" width=\"945\" height=\"823\" src=\"https:\/\/www.epsvfmons.be\/wp-content\/uploads\/2026\/01\/image-9.png\" alt=\"\" class=\"wp-image-1075\" srcset=\"https:\/\/www.epsvfmons.be\/wp-content\/uploads\/2026\/01\/image-9.png 945w, https:\/\/www.epsvfmons.be\/wp-content\/uploads\/2026\/01\/image-9-300x261.png 300w, https:\/\/www.epsvfmons.be\/wp-content\/uploads\/2026\/01\/image-9-768x669.png 768w\" sizes=\"(max-width: 945px) 100vw, 945px\" \/><\/figure>\n\n\n\n<p><strong>Programmation<\/strong><\/p>\n\n\n\n<p>Deux formations par an&nbsp;:<\/p>\n\n\n\n<ul>\n<li>En octobre avec une s\u00e9ance d\u2019info\/inscription en aout<\/li>\n\n\n\n<li>En mars avec une s\u00e9ance d\u2019info\/inscription en f\u00e9vrier<\/li>\n<\/ul>\n\n\n\n<p><strong>Condition d\u2019inscription<\/strong>&nbsp;<\/p>\n\n\n\n<p>Avec au minimum un CESI ou CE2D.<\/p>\n\n\n\n<p><strong>Dur\u00e9e de la formation&nbsp;<\/strong><\/p>\n\n\n\n<p>16 mois<\/p>\n\n\n\n<div class=\"wp-block-buttons is-layout-flex wp-block-buttons-is-layout-flex\">\n<div class=\"wp-block-button\"><a class=\"wp-block-button__link wp-element-button\" href=\"https:\/\/www.epsvfmons.be\/?page_id=81\">Inscription<\/a><\/div>\n<\/div>\n\n\n\n<figure class=\"wp-block-image size-large\"><a href=\"http:\/\/www.devenir-accueillant.be\/\"><img loading=\"lazy\" decoding=\"async\" width=\"1024\" height=\"205\" src=\"https:\/\/www.epsvfmons.be\/wp-content\/uploads\/2024\/11\/COSEG-24-31902-signature-mail-lm-211024-r16-1-1024x205.jpg\" alt=\"\" class=\"wp-image-928\" srcset=\"https:\/\/www.epsvfmons.be\/wp-content\/uploads\/2024\/11\/COSEG-24-31902-signature-mail-lm-211024-r16-1-1024x205.jpg 1024w, https:\/\/www.epsvfmons.be\/wp-content\/uploads\/2024\/11\/COSEG-24-31902-signature-mail-lm-211024-r16-1-300x60.jpg 300w, https:\/\/www.epsvfmons.be\/wp-content\/uploads\/2024\/11\/COSEG-24-31902-signature-mail-lm-211024-r16-1-768x154.jpg 768w, https:\/\/www.epsvfmons.be\/wp-content\/uploads\/2024\/11\/COSEG-24-31902-signature-mail-lm-211024-r16-1-1536x307.jpg 1536w, https:\/\/www.epsvfmons.be\/wp-content\/uploads\/2024\/11\/COSEG-24-31902-signature-mail-lm-211024-r16-1-2048x410.jpg 2048w\" sizes=\"(max-width: 1024px) 100vw, 1024px\" \/><\/a><\/figure>\n","protected":false},"excerpt":{"rendered":"<p>Profil L\u2019auxiliaire de l\u2019enfance est un professionnel qui accueille les enfants confi\u00e9s par leurs parents en dehors du temps scolaire et assure leur prise en charge en l\u2019absence de ceux-ci. Son action vise \u00e0 assurer aupr\u00e8s des enfants de 0 \u00e0 12 ans une pr\u00e9sence stimulante et \u00e9panouissante dans des structures d\u2019accueil collectives et\/ou dans [&hellip;]<\/p>\n","protected":false},"author":1,"featured_media":462,"parent":0,"menu_order":0,"comment_status":"closed","ping_status":"closed","template":"","meta":{"footnotes":""},"_links":{"self":[{"href":"https:\/\/www.epsvfmons.be\/index.php?rest_route=\/wp\/v2\/pages\/104"}],"collection":[{"href":"https:\/\/www.epsvfmons.be\/index.php?rest_route=\/wp\/v2\/pages"}],"about":[{"href":"https:\/\/www.epsvfmons.be\/index.php?rest_route=\/wp\/v2\/types\/page"}],"author":[{"embeddable":true,"href":"https:\/\/www.epsvfmons.be\/index.php?rest_route=\/wp\/v2\/users\/1"}],"replies":[{"embeddable":true,"href":"https:\/\/www.epsvfmons.be\/index.php?rest_route=%2Fwp%2Fv2%2Fcomments&post=104"}],"version-history":[{"count":15,"href":"https:\/\/www.epsvfmons.be\/index.php?rest_route=\/wp\/v2\/pages\/104\/revisions"}],"predecessor-version":[{"id":1076,"href":"https:\/\/www.epsvfmons.be\/index.php?rest_route=\/wp\/v2\/pages\/104\/revisions\/1076"}],"wp:featuredmedia":[{"embeddable":true,"href":"https:\/\/www.epsvfmons.be\/index.php?rest_route=\/wp\/v2\/media\/462"}],"wp:attachment":[{"href":"https:\/\/www.epsvfmons.be\/index.php?rest_route=%2Fwp%2Fv2%2Fmedia&parent=104"}],"curies":[{"name":"wp","href":"https:\/\/api.w.org\/{rel}","templated":true}]}}