{"id":106,"date":"2018-05-30T09:50:35","date_gmt":"2018-05-30T07:50:35","guid":{"rendered":"http:\/\/www.epsvfmons.be\/?page_id=106"},"modified":"2026-01-27T16:25:10","modified_gmt":"2026-01-27T15:25:10","slug":"projet-de-formation-en-soins-palliatifs-sensibilisation-et-formation-de-base","status":"publish","type":"page","link":"https:\/\/www.epsvfmons.be\/?page_id=106","title":{"rendered":"Formation soins palliatifs\u00a0: sensibilisation et formation de base"},"content":{"rendered":"\n<p><strong>Le public concern\u00e9<\/strong><\/p>\n\n\n\n<ul>\n<li>Brevet d\u2019\u00ab Infirmier(\u00e8re) hospitalier(\u00e8re) \u00bb<\/li>\n\n\n\n<li>Certificat de qualification \u00ab Aide familial \u00bb<\/li>\n\n\n\n<li>Certificat de qualification \u00ab Aide-soignant \u00bb<\/li>\n\n\n\n<li>Certificat de qualification \u00abEducateur \u00bb<\/li>\n\n\n\n<li>Attestation de r\u00e9ussite de l\u2019UF \u00ab Sensibilisation en soins palliatifs \u00bb (code n\u00b0 8223 01 U21 D1)<\/li>\n<\/ul>\n\n\n\n<p><strong>Objectifs<\/strong><\/p>\n\n\n\n<p>Dans le cadre des dispositions l\u00e9gales, cette unit\u00e9 de formation vise \u00e0 permettre aux intervenants professionnels ou volontaires d\u2019acqu\u00e9rir, dans le domaine des soins palliatifs, des connaissances de base, des comp\u00e9tences techniques et relationnelles afin de d\u00e9velopper une approche globale \u00e9thique de la personne et d\u2019am\u00e9liorer sa qualit\u00e9 de vie, dans son contexte environnemental, social, culturel et philosophique.<\/p>\n\n\n\n<p><strong>Le dossier p\u00e9dagogique<\/strong><\/p>\n\n\n\n<p>40 p\u00e9riodes sur<\/p>\n\n\n\n<ul>\n<li>L\u2019approche l\u00e9gale et \u00e9thique<\/li>\n\n\n\n<li>Les soins de confort<\/li>\n\n\n\n<li>L\u2019\u00e9coute et la communication sp\u00e9cifique<\/li>\n<\/ul>\n\n\n\n<div class=\"wp-block-buttons is-layout-flex wp-block-buttons-is-layout-flex\">\n<div class=\"wp-block-button\"><a class=\"wp-block-button__link wp-element-button\" href=\"https:\/\/www.epsvfmons.be\/?page_id=81\">Inscriptions<\/a><\/div>\n<\/div>\n","protected":false},"excerpt":{"rendered":"<p>Le public concern\u00e9 Objectifs Dans le cadre des dispositions l\u00e9gales, cette unit\u00e9 de formation vise \u00e0 permettre aux intervenants professionnels ou volontaires d\u2019acqu\u00e9rir, dans le domaine des soins palliatifs, des connaissances de base, des comp\u00e9tences techniques et relationnelles afin de d\u00e9velopper une approche globale \u00e9thique de la personne et d\u2019am\u00e9liorer sa qualit\u00e9 de vie, dans [&hellip;]<\/p>\n","protected":false},"author":1,"featured_media":0,"parent":0,"menu_order":0,"comment_status":"closed","ping_status":"closed","template":"","meta":{"footnotes":""},"_links":{"self":[{"href":"https:\/\/www.epsvfmons.be\/index.php?rest_route=\/wp\/v2\/pages\/106"}],"collection":[{"href":"https:\/\/www.epsvfmons.be\/index.php?rest_route=\/wp\/v2\/pages"}],"about":[{"href":"https:\/\/www.epsvfmons.be\/index.php?rest_route=\/wp\/v2\/types\/page"}],"author":[{"embeddable":true,"href":"https:\/\/www.epsvfmons.be\/index.php?rest_route=\/wp\/v2\/users\/1"}],"replies":[{"embeddable":true,"href":"https:\/\/www.epsvfmons.be\/index.php?rest_route=%2Fwp%2Fv2%2Fcomments&post=106"}],"version-history":[{"count":9,"href":"https:\/\/www.epsvfmons.be\/index.php?rest_route=\/wp\/v2\/pages\/106\/revisions"}],"predecessor-version":[{"id":1105,"href":"https:\/\/www.epsvfmons.be\/index.php?rest_route=\/wp\/v2\/pages\/106\/revisions\/1105"}],"wp:attachment":[{"href":"https:\/\/www.epsvfmons.be\/index.php?rest_route=%2Fwp%2Fv2%2Fmedia&parent=106"}],"curies":[{"name":"wp","href":"https:\/\/api.w.org\/{rel}","templated":true}]}}