{"id":167,"date":"2018-06-06T21:44:34","date_gmt":"2018-06-06T19:44:34","guid":{"rendered":"http:\/\/www.epsvfmons.be\/?page_id=167"},"modified":"2026-01-27T17:16:06","modified_gmt":"2026-01-27T16:16:06","slug":"etablissement","status":"publish","type":"page","link":"https:\/\/www.epsvfmons.be\/?page_id=167","title":{"rendered":"\u00c9tablissement"},"content":{"rendered":"\n<p>Ce <em>Vademecum g\u00e9n\u00e9ral<\/em> pr\u00e9sente les principes, l\u2019organisation et les proc\u00e9dures qui structurent le fonctionnement de l\u2019\u00c9cole de Promotion Sociale de Vie F\u00e9minine de Mons. Il constitue un document de r\u00e9f\u00e9rence destin\u00e9 \u00e0 informer clairement les \u00e9tudiant\u00b7e\u00b7s, le personnel et les partenaires sur les modalit\u00e9s p\u00e9dagogiques, administratives et organisationnelles propres \u00e0 notre \u00e9tablissement.<\/p>\n\n\n\n<p>Son objectif est de fournir un cadre commun, coh\u00e9rent et conforme \u00e0 la r\u00e9glementation, afin de soutenir la qualit\u00e9 des formations et de garantir une compr\u00e9hension harmonis\u00e9e des r\u00f4les, responsabilit\u00e9s et pratiques au sein de l\u2019\u00e9cole.<\/p>\n\n\n\n<div data-wp-interactive=\"core\/file\" class=\"wp-block-file\"><object data-wp-bind--hidden=\"!state.hasPdfPreview\"  class=\"wp-block-file__embed\" data=\"https:\/\/www.epsvfmons.be\/wp-content\/uploads\/2026\/01\/Vademecum-general.pdf\" type=\"application\/pdf\" style=\"width:100%;height:600px\" aria-label=\"Contenu embarqu\u00e9 Vademecum-general.\"><\/object><a id=\"wp-block-file--media-961b7e85-e16c-4685-910b-c45270336246\" href=\"https:\/\/www.epsvfmons.be\/wp-content\/uploads\/2026\/01\/Vademecum-general.pdf\">Vademecum-general<\/a><a href=\"https:\/\/www.epsvfmons.be\/wp-content\/uploads\/2026\/01\/Vademecum-general.pdf\" class=\"wp-block-file__button wp-element-button\" download aria-describedby=\"wp-block-file--media-961b7e85-e16c-4685-910b-c45270336246\">T\u00e9l\u00e9charger<\/a><\/div>\n","protected":false},"excerpt":{"rendered":"<p>Ce Vademecum g\u00e9n\u00e9ral pr\u00e9sente les principes, l\u2019organisation et les proc\u00e9dures qui structurent le fonctionnement de l\u2019\u00c9cole de Promotion Sociale de Vie F\u00e9minine de Mons. Il constitue un document de r\u00e9f\u00e9rence destin\u00e9 \u00e0 informer clairement les \u00e9tudiant\u00b7e\u00b7s, le personnel et les partenaires sur les modalit\u00e9s p\u00e9dagogiques, administratives et organisationnelles propres \u00e0 notre \u00e9tablissement. Son objectif est [&hellip;]<\/p>\n","protected":false},"author":1,"featured_media":0,"parent":0,"menu_order":0,"comment_status":"closed","ping_status":"closed","template":"","meta":{"footnotes":""},"_links":{"self":[{"href":"https:\/\/www.epsvfmons.be\/index.php?rest_route=\/wp\/v2\/pages\/167"}],"collection":[{"href":"https:\/\/www.epsvfmons.be\/index.php?rest_route=\/wp\/v2\/pages"}],"about":[{"href":"https:\/\/www.epsvfmons.be\/index.php?rest_route=\/wp\/v2\/types\/page"}],"author":[{"embeddable":true,"href":"https:\/\/www.epsvfmons.be\/index.php?rest_route=\/wp\/v2\/users\/1"}],"replies":[{"embeddable":true,"href":"https:\/\/www.epsvfmons.be\/index.php?rest_route=%2Fwp%2Fv2%2Fcomments&post=167"}],"version-history":[{"count":3,"href":"https:\/\/www.epsvfmons.be\/index.php?rest_route=\/wp\/v2\/pages\/167\/revisions"}],"predecessor-version":[{"id":1117,"href":"https:\/\/www.epsvfmons.be\/index.php?rest_route=\/wp\/v2\/pages\/167\/revisions\/1117"}],"wp:attachment":[{"href":"https:\/\/www.epsvfmons.be\/index.php?rest_route=%2Fwp%2Fv2%2Fmedia&parent=167"}],"curies":[{"name":"wp","href":"https:\/\/api.w.org\/{rel}","templated":true}]}}