{"id":18,"date":"2018-05-29T11:50:08","date_gmt":"2018-05-29T09:50:08","guid":{"rendered":"http:\/\/epsvfmons.be\/?page_id=18"},"modified":"2026-01-27T17:39:42","modified_gmt":"2026-01-27T16:39:42","slug":"contact","status":"publish","type":"page","link":"https:\/\/www.epsvfmons.be\/?page_id=18","title":{"rendered":"Nous contacter"},"content":{"rendered":"<p align=\"CENTER\"><span style=\"color: #000000;\"><span style=\"font-family: Times New Roman, serif;\"><span style=\"font-size: medium;\"><span style=\"font-family: Calibri, serif;\">\u00c9cole de Promotion Sociale Vie F\u00e9minine<\/span><\/span><\/span><\/span><\/p>\n<p align=\"CENTER\"><span style=\"color: #000000;\"><span style=\"font-family: Times New Roman, serif;\"><span style=\"font-size: medium;\"><span style=\"font-family: Calibri, serif;\">Rue d&rsquo;Havr\u00e9, 116<\/span><\/span><\/span><\/span><\/p>\n<p align=\"CENTER\"><span style=\"color: #000000;\"><span style=\"font-family: Times New Roman, serif;\"><span style=\"font-size: medium;\"><span style=\"font-family: Calibri, serif;\">7000 MONS<\/span><\/span><\/span><\/span><\/p>\n<p align=\"CENTER\"><span style=\"color: #000000;\"><span style=\"font-family: Times New Roman, serif;\"><span style=\"font-size: medium;\"><span style=\"font-family: Calibri, serif;\">TEL\u00a0: 065\/36.14.49<\/span><\/span><\/span><\/span><\/p>\n<p align=\"CENTER\"><span style=\"color: #000000;\"><span style=\"font-family: Times New Roman, serif;\"><span style=\"font-size: medium;\"><span style=\"font-family: Calibri, serif;\">MAIL\u00a0: <a href=\"mailto:chantal.charles@epsviefeminine.be\">info@epsvfmons.be<\/a><\/span><\/span><\/span><\/span><\/p>\n<p align=\"CENTER\"><img loading=\"lazy\" decoding=\"async\" class=\"alignnone wp-image-939\" src=\"http:\/\/www.epsvfmons.be\/wp-content\/uploads\/2025\/01\/Facebook.png\" alt=\"\" width=\"34\" height=\"34\" srcset=\"https:\/\/www.epsvfmons.be\/wp-content\/uploads\/2025\/01\/Facebook.png 180w, https:\/\/www.epsvfmons.be\/wp-content\/uploads\/2025\/01\/Facebook-150x150.png 150w\" sizes=\"(max-width: 34px) 100vw, 34px\" \/> :<a href=\"https:\/\/www.facebook.com\/profile.php?id=100086387427160\">https:\/\/www.facebook.com\/profile.php?id=100086387427160<\/a><\/p>\n<div id=\"ConnectiveDocSignExtentionInstalled\" data-extension-version=\"1.0.4\">\u00a0<\/div>\n\n\n<iframe src=\"https:\/\/www.google.com\/maps\/embed?pb=!1m18!1m12!1m3!1d2540.306848102123!2d3.9549837770233354!3d50.45401047159287!2m3!1f0!2f0!3f0!3m2!1i1024!2i768!4f13.1!3m3!1m2!1s0x47c24ffc59cb0f77%3A0x18bb5ec04c542bf9!2sRue%20d&#39;Havr%C3%A9%20116%2C%207000%20Mons!5e0!3m2!1sfr!2sbe!4v1769531884420!5m2!1sfr!2sbe\" width=\"600\" height=\"450\" style=\"border:0;\" allowfullscreen=\"\" loading=\"lazy\" referrerpolicy=\"no-referrer-when-downgrade\"><\/iframe>\n\n\n\n<h1 class=\"wp-block-heading\">Ouverture du secr\u00e9tariat<\/h1>\n\n\n\n<p><strong>Heures d\u2019ouverture du secr\u00e9tariat<\/strong><br>Lundi \u2013 Mardi \u2013 Jeudi : 8h30\u201316h00<br>Le vendredi&nbsp; : 8h30 \u2013 12h30 <strong>ou sur RDV \u00e0 info@epsvfmons.be<\/strong><\/p>\n","protected":false},"excerpt":{"rendered":"<p>\u00c9cole de Promotion Sociale Vie F\u00e9minine Rue d&rsquo;Havr\u00e9, 116 7000 MONS TEL\u00a0: 065\/36.14.49 MAIL\u00a0: info@epsvfmons.be :https:\/\/www.facebook.com\/profile.php?id=100086387427160 \u00a0 Ouverture du secr\u00e9tariat Heures d\u2019ouverture du secr\u00e9tariatLundi \u2013 Mardi \u2013 Jeudi : 8h30\u201316h00Le vendredi&nbsp; : 8h30 \u2013 12h30 ou sur RDV \u00e0 info@epsvfmons.be<\/p>\n","protected":false},"author":1,"featured_media":0,"parent":0,"menu_order":0,"comment_status":"closed","ping_status":"closed","template":"","meta":{"footnotes":""},"_links":{"self":[{"href":"https:\/\/www.epsvfmons.be\/index.php?rest_route=\/wp\/v2\/pages\/18"}],"collection":[{"href":"https:\/\/www.epsvfmons.be\/index.php?rest_route=\/wp\/v2\/pages"}],"about":[{"href":"https:\/\/www.epsvfmons.be\/index.php?rest_route=\/wp\/v2\/types\/page"}],"author":[{"embeddable":true,"href":"https:\/\/www.epsvfmons.be\/index.php?rest_route=\/wp\/v2\/users\/1"}],"replies":[{"embeddable":true,"href":"https:\/\/www.epsvfmons.be\/index.php?rest_route=%2Fwp%2Fv2%2Fcomments&post=18"}],"version-history":[{"count":10,"href":"https:\/\/www.epsvfmons.be\/index.php?rest_route=\/wp\/v2\/pages\/18\/revisions"}],"predecessor-version":[{"id":1137,"href":"https:\/\/www.epsvfmons.be\/index.php?rest_route=\/wp\/v2\/pages\/18\/revisions\/1137"}],"wp:attachment":[{"href":"https:\/\/www.epsvfmons.be\/index.php?rest_route=%2Fwp%2Fv2%2Fmedia&parent=18"}],"curies":[{"name":"wp","href":"https:\/\/api.w.org\/{rel}","templated":true}]}}