{"id":252,"date":"2018-06-13T09:32:49","date_gmt":"2018-06-13T07:32:49","guid":{"rendered":"http:\/\/www.epsvfmons.be\/?page_id=252"},"modified":"2026-01-27T17:21:32","modified_gmt":"2026-01-27T16:21:32","slug":"vae-dispense","status":"publish","type":"page","link":"https:\/\/www.epsvfmons.be\/?page_id=252","title":{"rendered":"VAE &#8211; Dispense"},"content":{"rendered":"\n<blockquote class=\"wp-block-quote is-layout-flow wp-block-quote-is-layout-flow\">\n<p>Oui, mon exp\u00e9rience a de la valeur ! <\/p>\n<\/blockquote>\n\n\n\n<p><strong>Qu\u2019est-ce que la \u00ab Valorisation des Acquis \u00bb ?<\/strong><\/p>\n\n\n\n<p>Organis\u00e9 sur un mod\u00e8le modulaire, l\u2019enseignement de promotion sociale est sp\u00e9cialement d\u00e9di\u00e9 \u00e0 des adultes. Et les adultes ont -forc\u00e9ment- de l\u2019exp\u00e9rience.<\/p>\n\n\n\n<p>La Valorisation des acquis permet d\u2019en tenir compte, pour entrer en formation, pour \u00eatre \u00ab dispens\u00e9 \u00bb d\u2019un module en tout ou en partie\u2026 et d\u2019ainsi raccourcir la dur\u00e9e des \u00e9tudes et d\u00e9boucher plus rapidement sur un dipl\u00f4me.<\/p>\n\n\n\n<p>Par \u00ab valorisation \u00bb, il faut entendre le processus par lequel des savoirs et des comp\u00e9tences issus de l&rsquo;exp\u00e9rience (professionnelle et personnelle) et\/ou de la formation et\/ou de l\u2019enseignement peuvent \u00eatre reconnus pour l\u2019acc\u00e8s, la dispense ou la sanction d\u2019Unit\u00e9s d\u2019Enseignement d\u2019une section. Notre \u00e9tablissement va <strong>analyser les comp\u00e9tences acquises<\/strong> par la personne qui se pr\u00e9sente et va lui demander d\u2019exposer ses exp\u00e9riences et d\u2019en d\u00e9gager les comp\u00e9tences que ce parcours lui a permis d\u2019acqu\u00e9rir.<\/p>\n\n\n\n<p>Ce sera ensuite au <strong>Conseil des Etudes<\/strong> de chaque Unit\u00e9 d\u2019Enseignement qu\u2019il reviendra, au travers de l\u2019analyse des documents fournis et\/ou au travers de tests et d\u2019\u00e9preuves, de valider ou non ces preuves et <strong>de d\u00e9terminer sur cette base la suite du parcours<\/strong>.<\/p>\n\n\n\n<h2 class=\"wp-block-heading\">La VA, c\u2019est pour qui ?<\/h2>\n\n\n\n<ul>\n<li>Vous avez une exp\u00e9rience personnelle et\/ou professionnelle, qui vous ont permis d\u2019acqu\u00e9rir et exercer des comp\u00e9tences ;<\/li>\n\n\n\n<li>Vous avez acquis des comp\u00e9tences au travers de parcours de formation ou d\u2019enseignement certifi\u00e9s et dipl\u00f4m\u00e9s ;<\/li>\n\n\n\n<li>Vous avez entam\u00e9 une ou des formations, sans avoir pu les mener \u00e0 bien ;<\/li>\n\n\n\n<li>Vous souhaitez enrichir ou diversifier vos comp\u00e9tences ;<\/li>\n\n\n\n<li>Vous souhaitez r\u00e9orienter votre carri\u00e8re professionnelle ;<\/li>\n\n\n\n<li>Vous souhaitez reprendre des \u00e9tudes en faisant valoir ces comp\u00e9tences\u2026<\/li>\n<\/ul>\n\n\n\n<h2 class=\"wp-block-heading\">La base l\u00e9gale<\/h2>\n\n\n\n<p>Conform\u00e9ment \u00e0 l\u2019arr\u00eat\u00e9 du Gouvernement de la Communaut\u00e9 fran\u00e7aise du 29 novembre 2017, en r\u00e9f\u00e9rence \u00e0 la circulaire 6677 du 30 mai 2018, organisant l\u2019enseignement de promotion sociale, le Conseil des \u00e9tudes est autoris\u00e9 \u00e0 prendre en consid\u00e9ration pour l\u2019admission aux unit\u00e9s de formation de l\u2019enseignement de promotion sociale de r\u00e9gime 1, la sanction de celles-ci, outres les capacit\u00e9s acquises dans un processus d\u2019enseignement, les capacit\u00e9s acquises aupr\u00e8s d\u2019un organisme de formation agr\u00e9\u00e9, mais aussi par exp\u00e9rience professionnelle ou par formation personnelle.&nbsp;<a href=\"http:\/\/www.gallilex.cfwb.be\/document\/pdf\/44297_000.pdf\">Circulaire 6677 du 30 mai 2018<\/a><\/p>\n\n\n\n<h1 class=\"wp-block-heading\">Proc\u00e9dure<\/h1>\n\n\n\n<ul>\n<li>Prendre contact avec l\u2019\u00e9tablissement de promotion sociale\u00a0: <a href=\"mailto:info@epsvfmons.be\">info@epsvfmons.be<\/a><\/li>\n\n\n\n<li>Pr\u00e9parez votre dossier avec tous vos dipl\u00f4mes, certificats\u2026. L\u2019\u00e9tablissement vous transmettra la liste des informations \u00e0 fournir.<\/li>\n<\/ul>\n\n\n\n<p>Toute demande de reconnaissance de capacit\u00e9s acquises doit \u00eatre introduite par l\u2019\u00e9tudiant aupr\u00e8s de la personne en charge de la valorisation, avant le 1\/10\u00e8 de l\u2019Unit\u00e9 d\u2019enseignement, en lui remettant le document ad\u00e9quat compl\u00e9t\u00e9 (nom, intitul\u00e9 et n\u00b0 de l\u2019UE), avec une copie de tous documents sur base desquels il justifie sa demande (r\u00e9capitulatif de points, attestations\u2026).<\/p>\n\n\n\n<p>Un montant de 10\u20ac par unit\u00e9 d\u2019enseignement sera demand\u00e9.<\/p>\n\n\n\n<p>\u2013&gt; Demande pour une valorisation d\u2019activit\u00e9 d\u2019enseignement<\/p>\n\n\n\n<ul>\n<li>Formulaire pour la section Aide-soignant<\/li>\n\n\n\n<li><a href=\"http:\/\/www.epsvfmons.be\/wp-content\/uploads\/2025\/03\/AUX_Demande-dispense-act-ens.docx\">Formulaire pour la section Auxiliaire de l\u2019enfance<\/a><\/li>\n<\/ul>\n\n\n\n<p>\u2013&gt; Demande pour une valorisation d\u2019unit\u00e9 d\u2019enseignement<\/p>\n\n\n\n<ul>\n<li>Formulaire pour la section Aide-soignant<\/li>\n\n\n\n<li><a href=\"http:\/\/www.epsvfmons.be\/wp-content\/uploads\/2019\/03\/Demande-de-dispense-VA.pdf\">Formulaire pour la section Auxiliaire de l\u2019enfance<\/a><\/li>\n<\/ul>\n\n\n<p>\u00a0<\/p>\n<div align=\"left\">\u00a0<\/div>\n<div id=\"ConnectiveDocSignExtentionInstalled\" data-extension-version=\"1.0.4\">\u00a0<\/div>","protected":false},"excerpt":{"rendered":"<p>Oui, mon exp\u00e9rience a de la valeur ! Qu\u2019est-ce que la \u00ab Valorisation des Acquis \u00bb ? Organis\u00e9 sur un mod\u00e8le modulaire, l\u2019enseignement de promotion sociale est sp\u00e9cialement d\u00e9di\u00e9 \u00e0 des adultes. Et les adultes ont -forc\u00e9ment- de l\u2019exp\u00e9rience. La Valorisation des acquis permet d\u2019en tenir compte, pour entrer en formation, pour \u00eatre \u00ab dispens\u00e9 [&hellip;]<\/p>\n","protected":false},"author":1,"featured_media":0,"parent":0,"menu_order":0,"comment_status":"closed","ping_status":"closed","template":"","meta":{"footnotes":""},"_links":{"self":[{"href":"https:\/\/www.epsvfmons.be\/index.php?rest_route=\/wp\/v2\/pages\/252"}],"collection":[{"href":"https:\/\/www.epsvfmons.be\/index.php?rest_route=\/wp\/v2\/pages"}],"about":[{"href":"https:\/\/www.epsvfmons.be\/index.php?rest_route=\/wp\/v2\/types\/page"}],"author":[{"embeddable":true,"href":"https:\/\/www.epsvfmons.be\/index.php?rest_route=\/wp\/v2\/users\/1"}],"replies":[{"embeddable":true,"href":"https:\/\/www.epsvfmons.be\/index.php?rest_route=%2Fwp%2Fv2%2Fcomments&post=252"}],"version-history":[{"count":14,"href":"https:\/\/www.epsvfmons.be\/index.php?rest_route=\/wp\/v2\/pages\/252\/revisions"}],"predecessor-version":[{"id":1123,"href":"https:\/\/www.epsvfmons.be\/index.php?rest_route=\/wp\/v2\/pages\/252\/revisions\/1123"}],"wp:attachment":[{"href":"https:\/\/www.epsvfmons.be\/index.php?rest_route=%2Fwp%2Fv2%2Fmedia&parent=252"}],"curies":[{"name":"wp","href":"https:\/\/api.w.org\/{rel}","templated":true}]}}