{"id":258,"date":"2018-06-13T09:39:04","date_gmt":"2018-06-13T07:39:04","guid":{"rendered":"http:\/\/www.epsvfmons.be\/?page_id=258"},"modified":"2026-01-27T17:26:03","modified_gmt":"2026-01-27T16:26:03","slug":"epreuves-integrees","status":"publish","type":"page","link":"https:\/\/www.epsvfmons.be\/?page_id=258","title":{"rendered":"\u00c9preuves int\u00e9gr\u00e9es"},"content":{"rendered":"\n<p>Dans l\u2019Enseignement pour Adultes, l\u2019Unit\u00e9 d\u2019Enseignement \u00ab&nbsp;\u00e9preuve int\u00e9gr\u00e9e&nbsp;\u00bb est sanctionn\u00e9e par une \u00e9preuve qui a un caract\u00e8re global et qui peut prendre diff\u00e9rentes formes&nbsp;:<\/p>\n\n\n\n<ul>\n<li>\u00a0d\u2019une mise en situation,<\/li>\n\n\n\n<li>d\u2019un projet,<\/li>\n\n\n\n<li>d\u2019un travail de synth\u00e8se,<\/li>\n\n\n\n<li>d\u2019une monographie<\/li>\n\n\n\n<li>d\u2019une r\u00e9alisation pratique comment\u00e9e.<\/li>\n<\/ul>\n\n\n\n<p>Cette \u00e9preuve a pour objectif de v\u00e9rifier si l\u2019\u00e9tudiant ma\u00eetrise les capacit\u00e9s couvertes par les Unit\u00e9s d\u00e9terminantes mentionn\u00e9es au dossier p\u00e9dagogique <strong>d\u2019une section<\/strong>. Elle est r\u00e9alis\u00e9e par le Conseil des \u00e9tudes qui, \u00e0 cette occasion, est \u00e9largi \u00e0 des membres ext\u00e9rieurs \u00e0 l\u2019\u00e9tablissement (employeurs, lieux de stages, etc.) appel\u00e9s jury.<\/p>\n\n\n\n<figure class=\"wp-block-image size-full\"><img loading=\"lazy\" decoding=\"async\" width=\"744\" height=\"88\" src=\"https:\/\/www.epsvfmons.be\/wp-content\/uploads\/2026\/01\/image-19.png\" alt=\"\" class=\"wp-image-1126\" srcset=\"https:\/\/www.epsvfmons.be\/wp-content\/uploads\/2026\/01\/image-19.png 744w, https:\/\/www.epsvfmons.be\/wp-content\/uploads\/2026\/01\/image-19-300x35.png 300w\" sizes=\"(max-width: 744px) 100vw, 744px\" \/><\/figure>\n\n\n\n<p>Les \u00e9preuves int\u00e9gr\u00e9es se d\u00e9roulent \u00e0 diff\u00e9rents moments de l\u2019ann\u00e9e en fonction de la section :<\/p>\n\n\n\n<ul>\n<li>Aide familial : en novembre<\/li>\n\n\n\n<li>Aide-soignant : en mars, juin et d\u00e9cembre<\/li>\n\n\n\n<li>Auxiliaire de l\u2019enfance : en mars<\/li>\n\n\n\n<li>Esth\u00e9tique sociale\u00a0: en mai<\/li>\n<\/ul>\n","protected":false},"excerpt":{"rendered":"<p>Dans l\u2019Enseignement pour Adultes, l\u2019Unit\u00e9 d\u2019Enseignement \u00ab&nbsp;\u00e9preuve int\u00e9gr\u00e9e&nbsp;\u00bb est sanctionn\u00e9e par une \u00e9preuve qui a un caract\u00e8re global et qui peut prendre diff\u00e9rentes formes&nbsp;: Cette \u00e9preuve a pour objectif de v\u00e9rifier si l\u2019\u00e9tudiant ma\u00eetrise les capacit\u00e9s couvertes par les Unit\u00e9s d\u00e9terminantes mentionn\u00e9es au dossier p\u00e9dagogique d\u2019une section. Elle est r\u00e9alis\u00e9e par le Conseil des \u00e9tudes [&hellip;]<\/p>\n","protected":false},"author":1,"featured_media":0,"parent":0,"menu_order":0,"comment_status":"closed","ping_status":"closed","template":"","meta":{"footnotes":""},"_links":{"self":[{"href":"https:\/\/www.epsvfmons.be\/index.php?rest_route=\/wp\/v2\/pages\/258"}],"collection":[{"href":"https:\/\/www.epsvfmons.be\/index.php?rest_route=\/wp\/v2\/pages"}],"about":[{"href":"https:\/\/www.epsvfmons.be\/index.php?rest_route=\/wp\/v2\/types\/page"}],"author":[{"embeddable":true,"href":"https:\/\/www.epsvfmons.be\/index.php?rest_route=\/wp\/v2\/users\/1"}],"replies":[{"embeddable":true,"href":"https:\/\/www.epsvfmons.be\/index.php?rest_route=%2Fwp%2Fv2%2Fcomments&post=258"}],"version-history":[{"count":11,"href":"https:\/\/www.epsvfmons.be\/index.php?rest_route=\/wp\/v2\/pages\/258\/revisions"}],"predecessor-version":[{"id":1128,"href":"https:\/\/www.epsvfmons.be\/index.php?rest_route=\/wp\/v2\/pages\/258\/revisions\/1128"}],"wp:attachment":[{"href":"https:\/\/www.epsvfmons.be\/index.php?rest_route=%2Fwp%2Fv2%2Fmedia&parent=258"}],"curies":[{"name":"wp","href":"https:\/\/api.w.org\/{rel}","templated":true}]}}