{"id":47,"date":"2018-05-29T17:31:51","date_gmt":"2018-05-29T15:31:51","guid":{"rendered":"http:\/\/epsvfmons.be\/?page_id=47"},"modified":"2026-01-27T16:45:43","modified_gmt":"2026-01-27T15:45:43","slug":"etudiants","status":"publish","type":"page","link":"https:\/\/www.epsvfmons.be\/?page_id=47","title":{"rendered":"\u00c9tudiants"},"content":{"rendered":"\n<p>Le pr\u00e9sent guide de l\u2019\u00e9tudiant repr\u00e9sente un outil essentiel dans l\u2019accompagnement de votre formation au sein de l\u2019\u00e9cole de Promotion Sociale de Vie F\u00e9minine Mons<\/p>\n\n\n\n<p>L\u2019objectif principal de ce guide est d\u2019apporter des r\u00e9ponses aux questions que vous \u00eates susceptible de vous poser d\u00e8s le d\u00e9but de votre parcours de formation. Il permet de vous informer de certaines proc\u00e9dures, d\u2019apporter une transparence \u00e0 vos questionnements ainsi que de proposer un \u00e9ventail de conseils concrets et pratiques pour faciliter votre parcours \u00e0 l\u2019EPSVF<\/p>\n\n\n\n<p>Les diff\u00e9rents points abord\u00e9s tirent principalement leur source dans le R\u00e8glement d\u2019Ordre Int\u00e9rieur (ROI). Par ailleurs, ce guide renvoie \u00e0 d\u2019autres documents\/dossiers\/proc\u00e9dures sp\u00e9cifiques en lien avec les diff\u00e9rentes th\u00e9matiques abord\u00e9es.<\/p>\n\n\n\n<p>Il fait suite au Vademecum de l\u2019\u00e9cole.<\/p>\n\n\n\n<div data-wp-interactive=\"core\/file\" class=\"wp-block-file\"><object data-wp-bind--hidden=\"!state.hasPdfPreview\"  class=\"wp-block-file__embed\" data=\"https:\/\/www.epsvfmons.be\/wp-content\/uploads\/2026\/01\/Vademecum-de-letudiant.pdf\" type=\"application\/pdf\" style=\"width:100%;height:600px\" aria-label=\"Contenu embarqu\u00e9 Vademecum-de-letudiant.\"><\/object><a id=\"wp-block-file--media-ae479b17-3b9a-4c26-9089-2ff0b871e1df\" href=\"https:\/\/www.epsvfmons.be\/wp-content\/uploads\/2026\/01\/Vademecum-de-letudiant.pdf\">Vademecum-de-letudiant<\/a><a href=\"https:\/\/www.epsvfmons.be\/wp-content\/uploads\/2026\/01\/Vademecum-de-letudiant.pdf\" class=\"wp-block-file__button wp-element-button\" download aria-describedby=\"wp-block-file--media-ae479b17-3b9a-4c26-9089-2ff0b871e1df\">T\u00e9l\u00e9charger<\/a><\/div>\n","protected":false},"excerpt":{"rendered":"<p>Le pr\u00e9sent guide de l\u2019\u00e9tudiant repr\u00e9sente un outil essentiel dans l\u2019accompagnement de votre formation au sein de l\u2019\u00e9cole de Promotion Sociale de Vie F\u00e9minine Mons L\u2019objectif principal de ce guide est d\u2019apporter des r\u00e9ponses aux questions que vous \u00eates susceptible de vous poser d\u00e8s le d\u00e9but de votre parcours de formation. Il permet de vous [&hellip;]<\/p>\n","protected":false},"author":1,"featured_media":0,"parent":0,"menu_order":0,"comment_status":"closed","ping_status":"closed","template":"","meta":{"footnotes":""},"_links":{"self":[{"href":"https:\/\/www.epsvfmons.be\/index.php?rest_route=\/wp\/v2\/pages\/47"}],"collection":[{"href":"https:\/\/www.epsvfmons.be\/index.php?rest_route=\/wp\/v2\/pages"}],"about":[{"href":"https:\/\/www.epsvfmons.be\/index.php?rest_route=\/wp\/v2\/types\/page"}],"author":[{"embeddable":true,"href":"https:\/\/www.epsvfmons.be\/index.php?rest_route=\/wp\/v2\/users\/1"}],"replies":[{"embeddable":true,"href":"https:\/\/www.epsvfmons.be\/index.php?rest_route=%2Fwp%2Fv2%2Fcomments&post=47"}],"version-history":[{"count":3,"href":"https:\/\/www.epsvfmons.be\/index.php?rest_route=\/wp\/v2\/pages\/47\/revisions"}],"predecessor-version":[{"id":1114,"href":"https:\/\/www.epsvfmons.be\/index.php?rest_route=\/wp\/v2\/pages\/47\/revisions\/1114"}],"wp:attachment":[{"href":"https:\/\/www.epsvfmons.be\/index.php?rest_route=%2Fwp%2Fv2%2Fmedia&parent=47"}],"curies":[{"name":"wp","href":"https:\/\/api.w.org\/{rel}","templated":true}]}}