{"id":48,"date":"2018-05-29T17:31:51","date_gmt":"2018-05-29T15:31:51","guid":{"rendered":"http:\/\/epsvfmons.be\/?page_id=48"},"modified":"2026-02-03T14:40:00","modified_gmt":"2026-02-03T13:40:00","slug":"professeurs","status":"publish","type":"page","link":"https:\/\/www.epsvfmons.be\/?page_id=48","title":{"rendered":"Professeurs"},"content":{"rendered":"\n<figure class=\"wp-block-image size-full\"><img loading=\"lazy\" decoding=\"async\" width=\"800\" height=\"450\" src=\"https:\/\/www.epsvfmons.be\/wp-content\/uploads\/2026\/01\/image-22.png\" alt=\"\" class=\"wp-image-1141\" srcset=\"https:\/\/www.epsvfmons.be\/wp-content\/uploads\/2026\/01\/image-22.png 800w, https:\/\/www.epsvfmons.be\/wp-content\/uploads\/2026\/01\/image-22-300x169.png 300w, https:\/\/www.epsvfmons.be\/wp-content\/uploads\/2026\/01\/image-22-768x432.png 768w\" sizes=\"(max-width: 800px) 100vw, 800px\" \/><\/figure>\n\n\n<p style=\"text-align: center;\">\n<p style=\"text-align: center;\"><strong>VEUILLEZ VOUS CONNECTER SUR LA PLATEFORME S\u00c9CURIS\u00c9E <\/strong><\/p>\n<p style=\"text-align: center;\"><a href=\"https:\/\/www.office.com\/\">CONNEXION<\/a><\/p>\n\n\n<div style=\"width: 100%;\"><div style=\"position: relative; padding-bottom: 56.25%; padding-top: 0; height: 0;\"><iframe loading=\"lazy\" title=\"PCC-EA\" frameborder=\"0\" width=\"1200px\" height=\"675px\" style=\"position: absolute; top: 0; left: 0; width: 100%; height: 100%;\" src=\"https:\/\/view.genially.com\/6512d99c98badd0011a87730\" type=\"text\/html\" allowscriptaccess=\"always\" allowfullscreen=\"true\" scrolling=\"yes\" allownetworking=\"all\"><\/iframe> <\/div> <\/div>\n\n\n\n<div style=\"position: relative; width: 100%; height: 0; padding-top: 56.2500%;\n padding-bottom: 0; box-shadow: 0 2px 8px 0 rgba(63,69,81,0.16); margin-top: 1.6em; margin-bottom: 0.9em; overflow: hidden;\n border-radius: 8px; will-change: transform;\">\n  <iframe loading=\"lazy\" style=\"position: absolute; width: 100%; height: 100%; top: 0; left: 0; border: none; padding: 0;margin: 0;\"\n    src=\"https:\/\/www.canva.com\/design\/DAF2rtblqgQ\/view?embed\" allowfullscreen=\"allowfullscreen\" allow=\"fullscreen\">\n  <\/iframe>\n<\/div>\n<a href=\"https:&#x2F;&#x2F;www.canva.com&#x2F;design&#x2F;DAF2rtblqgQ&#x2F;view?utm_content=DAF2rtblqgQ&amp;utm_campaign=designshare&amp;utm_medium=embeds&amp;utm_source=link\" target=\"_blank\" rel=\"noopener\">Formation en cours de carri\u00e8re 2026<\/a> par Anne Cornut\n","protected":false},"excerpt":{"rendered":"<p>VEUILLEZ VOUS CONNECTER SUR LA PLATEFORME S\u00c9CURIS\u00c9E CONNEXION Formation en cours de carri\u00e8re 2026 par Anne Cornut<\/p>\n","protected":false},"author":1,"featured_media":0,"parent":0,"menu_order":0,"comment_status":"closed","ping_status":"closed","template":"","meta":{"footnotes":""},"_links":{"self":[{"href":"https:\/\/www.epsvfmons.be\/index.php?rest_route=\/wp\/v2\/pages\/48"}],"collection":[{"href":"https:\/\/www.epsvfmons.be\/index.php?rest_route=\/wp\/v2\/pages"}],"about":[{"href":"https:\/\/www.epsvfmons.be\/index.php?rest_route=\/wp\/v2\/types\/page"}],"author":[{"embeddable":true,"href":"https:\/\/www.epsvfmons.be\/index.php?rest_route=\/wp\/v2\/users\/1"}],"replies":[{"embeddable":true,"href":"https:\/\/www.epsvfmons.be\/index.php?rest_route=%2Fwp%2Fv2%2Fcomments&post=48"}],"version-history":[{"count":7,"href":"https:\/\/www.epsvfmons.be\/index.php?rest_route=\/wp\/v2\/pages\/48\/revisions"}],"predecessor-version":[{"id":1154,"href":"https:\/\/www.epsvfmons.be\/index.php?rest_route=\/wp\/v2\/pages\/48\/revisions\/1154"}],"wp:attachment":[{"href":"https:\/\/www.epsvfmons.be\/index.php?rest_route=%2Fwp%2Fv2%2Fmedia&parent=48"}],"curies":[{"name":"wp","href":"https:\/\/api.w.org\/{rel}","templated":true}]}}