{"id":49,"date":"2018-05-29T17:31:51","date_gmt":"2018-05-29T15:31:51","guid":{"rendered":"http:\/\/epsvfmons.be\/?page_id=49"},"modified":"2019-03-26T15:48:58","modified_gmt":"2019-03-26T14:48:58","slug":"faq","status":"publish","type":"page","link":"https:\/\/www.epsvfmons.be\/?page_id=49","title":{"rendered":"FAQ"},"content":{"rendered":"<p><a href=\"http:\/\/www.epsvfmons.be\/?p=278\">Quelles sont les d\u00e9marches pour m&rsquo;inscrire ?<\/a><\/p>\n<p><a href=\"http:\/\/www.epsvfmons.be\/?p=280\">O\u00f9 dois-je m\u2019adresser pour tout document ?<\/a><\/p>\n<p><a href=\"http:\/\/www.epsvfmons.be\/?p=284\">Qui pr\u00e9venir en cas de changement de mes coordonn\u00e9es ?<\/a><\/p>\n<p><a href=\"http:\/\/www.epsvfmons.be\/?p=290\">O\u00f9 se trouve l&rsquo;affichage des examens ?<\/a><\/p>\n<p><a href=\"http:\/\/www.epsvfmons.be\/?p=294\">Quel est le prix de la formation ?<\/a><\/p>\n<p><a href=\"http:\/\/www.epsvfmons.be\/?p=299\">Que dois-je faire pour obtenir une attestation Cong\u00e9-\u00e9ducation pay\u00e9 ?<\/a><\/p>\n<div id=\"ConnectiveDocSignExtentionInstalled\" data-extension-version=\"1.0.4\"><\/div>\n","protected":false},"excerpt":{"rendered":"<p>Quelles sont les d\u00e9marches pour m&rsquo;inscrire ? O\u00f9 dois-je m\u2019adresser pour tout document ? Qui pr\u00e9venir en cas de changement de mes coordonn\u00e9es ? O\u00f9 se trouve l&rsquo;affichage des examens ? Quel est le prix de la formation ? Que dois-je faire pour obtenir une attestation Cong\u00e9-\u00e9ducation pay\u00e9 ?<\/p>\n","protected":false},"author":1,"featured_media":0,"parent":0,"menu_order":0,"comment_status":"closed","ping_status":"closed","template":"","meta":{"footnotes":""},"_links":{"self":[{"href":"https:\/\/www.epsvfmons.be\/index.php?rest_route=\/wp\/v2\/pages\/49"}],"collection":[{"href":"https:\/\/www.epsvfmons.be\/index.php?rest_route=\/wp\/v2\/pages"}],"about":[{"href":"https:\/\/www.epsvfmons.be\/index.php?rest_route=\/wp\/v2\/types\/page"}],"author":[{"embeddable":true,"href":"https:\/\/www.epsvfmons.be\/index.php?rest_route=\/wp\/v2\/users\/1"}],"replies":[{"embeddable":true,"href":"https:\/\/www.epsvfmons.be\/index.php?rest_route=%2Fwp%2Fv2%2Fcomments&post=49"}],"version-history":[{"count":10,"href":"https:\/\/www.epsvfmons.be\/index.php?rest_route=\/wp\/v2\/pages\/49\/revisions"}],"predecessor-version":[{"id":741,"href":"https:\/\/www.epsvfmons.be\/index.php?rest_route=\/wp\/v2\/pages\/49\/revisions\/741"}],"wp:attachment":[{"href":"https:\/\/www.epsvfmons.be\/index.php?rest_route=%2Fwp%2Fv2%2Fmedia&parent=49"}],"curies":[{"name":"wp","href":"https:\/\/api.w.org\/{rel}","templated":true}]}}