{"id":71,"date":"2018-05-30T09:27:25","date_gmt":"2018-05-30T07:27:25","guid":{"rendered":"http:\/\/www.epsvfmons.be\/?page_id=71"},"modified":"2026-01-27T16:30:08","modified_gmt":"2026-01-27T15:30:08","slug":"qui-sommes-nous","status":"publish","type":"page","link":"https:\/\/www.epsvfmons.be\/?page_id=71","title":{"rendered":"Qui sommes-nous?"},"content":{"rendered":"\n<figure class=\"wp-block-image size-full\"><img loading=\"lazy\" decoding=\"async\" width=\"945\" height=\"568\" src=\"https:\/\/www.epsvfmons.be\/wp-content\/uploads\/2026\/01\/image-16.png\" alt=\"\" class=\"wp-image-1106\" srcset=\"https:\/\/www.epsvfmons.be\/wp-content\/uploads\/2026\/01\/image-16.png 945w, https:\/\/www.epsvfmons.be\/wp-content\/uploads\/2026\/01\/image-16-300x180.png 300w, https:\/\/www.epsvfmons.be\/wp-content\/uploads\/2026\/01\/image-16-768x462.png 768w\" sizes=\"(max-width: 945px) 100vw, 945px\" \/><\/figure>\n\n\n\n<p>Bien qu\u2019accessibles \u00e0 tous et toutes, les dispositifs de formation de Vie F\u00e9minine s\u2019adressent plus sp\u00e9cifiquement aux femmes en recherche d\u2019insertion tant sociale que professionnelle, faiblement scolaris\u00e9es et\/ou qualifi\u00e9es.<\/p>\n\n\n\n<p>Il subsiste en effet des in\u00e9galit\u00e9s importantes \u00e0 l\u2019\u00e9gard des femmes en terme de qualification mais aussi d\u2019acc\u00e8s \u00e0 la vie professionnelle, sociale, culturelle et politique.<\/p>\n\n\n\n<p>La d\u00e9marche de formation que nous pr\u00e9conisons s\u2019articule autour de trois axes:<\/p>\n\n\n\n<ul>\n<li><strong>des valeurs collectives<\/strong><\/li>\n\n\n\n<li><strong>des apprenant(s) \u2013 acteurs(trices) de leur formation<\/strong><\/li>\n\n\n\n<li><strong>des formations centr\u00e9es sur les r\u00e9alit\u00e9s sociales, culturelles, \u00e9conomiques.<\/strong><\/li>\n<\/ul>\n\n\n\n<p>L\u2019\u00e9cole de Promotion Sociale de Vie F\u00e9minine est une \u00e9cole d\u2019enseignement pour adultes d\u00e9di\u00e9e principalement au secteur de l\u2019aide et des soins aux personnes.&nbsp; D\u2019autres formations sont organis\u00e9es en soutien \u00e0 ce secteur comme des cours d\u2019informatique.<\/p>\n\n\n\n<p>&nbsp;L\u2019\u00e9cole soutient \u00e9galement les formations des personnes d\u00e9j\u00e0 dipl\u00f4m\u00e9es dans ce secteur mais souhaitant parfaire ses comp\u00e9tences.<\/p>\n\n\n\n<h3 class=\"wp-block-heading\">L\u2019inscription dans le mouvement de Vie F\u00e9minine<\/h3>\n\n\n\n<p>Notre \u00e9tablissement fait partie du mouvement de Vie F\u00e9minine, mouvement qui d\u00e9fend les droits des femmes et surtout une soci\u00e9t\u00e9 solidaire et \u00e9galitaire. Si notre public est principalement f\u00e9minin, les hommes y sont toutefois \u00e9galement repr\u00e9sent\u00e9s et bienvenus.<\/p>\n\n\n\n<p>Le but de notre \u00e9tablissement est de permettre \u00e0 tous types de public de se former dans un milieu \u00e9galitaire. Quelle que soit votre situation, que vous soyez ch\u00f4meurs, b\u00e9n\u00e9ficiaires du revenu d\u2019int\u00e9gration ou travailleurs ou\u2026, notre \u00e9quipe p\u00e9dagogique fera son maximum pour vous soutenir pendant votre parcours de formation.<\/p>\n\n\n\n<h2 class=\"wp-block-heading\">Nos \u00e9quipes p\u00e9dagogiques :<\/h2>\n\n\n\n<p><strong>L\u2019\u00e9quipe qui vous suivra dans le secteur du soin et de l\u2019aide \u00e0 la personne :<\/strong><\/p>\n\n\n\n<p>Madame Julie ANDRUSZEWSKI, Madame Dominique BERTRAND, Madame Johane FAUX, Monsieur Benoit GODART, Monsieur Thierry LARCIN, Madame Fran\u00e7oise LECHANTRE, Monsieur Marco LOMBARDI, Madame Sylvie NGO MAHOP, Madame Dominique UYTDENHOVEN,<\/p>\n\n\n\n<p><strong>L\u2019\u00e9quipe qui vous suivra dans le secteur de la petite enfance :<\/strong><\/p>\n\n\n\n<p>Madame Julie ANDRUSZEWSKI, Madame Isabelle BERTHOLET, Madame Emilie GHYS<\/p>\n\n\n\n<p><strong>L\u2019\u00e9quipe qui vous suivra au CQ6&nbsp;:<\/strong><\/p>\n\n\n\n<p>Monsieur Eric DONNET, Monsieur Pierre MAURAGE, Monsieur Laurent VANTRIMPONT<\/p>\n\n\n\n<p><strong>L\u2019enseignant en informatique&nbsp;: <\/strong>Madame Colette BUSSCHOTS<\/p>\n\n\n\n<p><strong>Le r\u00e9f\u00e9rents num\u00e9rique<\/strong>&nbsp;: Monsieur Michael SALIEZ<\/p>\n\n\n\n<p><strong>Le r\u00e9f\u00e8rent inclusion<\/strong>&nbsp;: Madame Carine LIETTE<\/p>\n\n\n\n<p><strong>La personne contact-genre<\/strong>&nbsp;: Madame Isabelle BERTHOLET<\/p>\n\n\n\n<h2 class=\"wp-block-heading\"><strong>Notre \u00e9quipe administrative<\/strong>&nbsp;:<\/h2>\n\n\n\n<ul>\n<li><strong>Direction<\/strong> : Anne CORNUT<\/li>\n\n\n\n<li><strong>Secr\u00e9taire-\u00e9conome\u00a0<\/strong>: Julie WILMUS<\/li>\n\n\n\n<li><strong>Secr\u00e9taire- \u00e9ducatrice\u00a0<\/strong>: Pauline MAINIL<\/li>\n<\/ul>\n\n\n\n<p><\/p>\n","protected":false},"excerpt":{"rendered":"<p>Bien qu\u2019accessibles \u00e0 tous et toutes, les dispositifs de formation de Vie F\u00e9minine s\u2019adressent plus sp\u00e9cifiquement aux femmes en recherche d\u2019insertion tant sociale que professionnelle, faiblement scolaris\u00e9es et\/ou qualifi\u00e9es. Il subsiste en effet des in\u00e9galit\u00e9s importantes \u00e0 l\u2019\u00e9gard des femmes en terme de qualification mais aussi d\u2019acc\u00e8s \u00e0 la vie professionnelle, sociale, culturelle et politique. [&hellip;]<\/p>\n","protected":false},"author":1,"featured_media":0,"parent":0,"menu_order":0,"comment_status":"closed","ping_status":"closed","template":"","meta":{"footnotes":""},"_links":{"self":[{"href":"https:\/\/www.epsvfmons.be\/index.php?rest_route=\/wp\/v2\/pages\/71"}],"collection":[{"href":"https:\/\/www.epsvfmons.be\/index.php?rest_route=\/wp\/v2\/pages"}],"about":[{"href":"https:\/\/www.epsvfmons.be\/index.php?rest_route=\/wp\/v2\/types\/page"}],"author":[{"embeddable":true,"href":"https:\/\/www.epsvfmons.be\/index.php?rest_route=\/wp\/v2\/users\/1"}],"replies":[{"embeddable":true,"href":"https:\/\/www.epsvfmons.be\/index.php?rest_route=%2Fwp%2Fv2%2Fcomments&post=71"}],"version-history":[{"count":8,"href":"https:\/\/www.epsvfmons.be\/index.php?rest_route=\/wp\/v2\/pages\/71\/revisions"}],"predecessor-version":[{"id":1108,"href":"https:\/\/www.epsvfmons.be\/index.php?rest_route=\/wp\/v2\/pages\/71\/revisions\/1108"}],"wp:attachment":[{"href":"https:\/\/www.epsvfmons.be\/index.php?rest_route=%2Fwp%2Fv2%2Fmedia&parent=71"}],"curies":[{"name":"wp","href":"https:\/\/api.w.org\/{rel}","templated":true}]}}