{"id":760,"date":"2019-12-10T10:29:38","date_gmt":"2019-12-10T09:29:38","guid":{"rendered":"http:\/\/www.epsvfmons.be\/?page_id=760"},"modified":"2026-01-27T15:29:31","modified_gmt":"2026-01-27T14:29:31","slug":"nouvelle-option","status":"publish","type":"page","link":"https:\/\/www.epsvfmons.be\/?page_id=760","title":{"rendered":"ACTES INFIRMIERS"},"content":{"rendered":"\n<figure class=\"wp-block-image size-full\"><img loading=\"lazy\" decoding=\"async\" width=\"506\" height=\"484\" src=\"https:\/\/www.epsvfmons.be\/wp-content\/uploads\/2026\/01\/image-2.png\" alt=\"\" class=\"wp-image-1049\" srcset=\"https:\/\/www.epsvfmons.be\/wp-content\/uploads\/2026\/01\/image-2.png 506w, https:\/\/www.epsvfmons.be\/wp-content\/uploads\/2026\/01\/image-2-300x287.png 300w\" sizes=\"(max-width: 506px) 100vw, 506px\" \/><\/figure>\n\n\n\n<p><strong>Profil&nbsp;:<\/strong><\/p>\n\n\n\n<p>Un arr\u00eat\u00e9 royal publi\u00e9 le 27 f\u00e9vrier 2019 pr\u00e9voit <strong>l\u2019\u00e9largissement des activit\u00e9s infirmi\u00e8res<\/strong> qui peuvent \u00eatre d\u00e9l\u00e9gu\u00e9es aux aides-soignant\u00b7e\u00b7s et les conditions dans lesquelles les aides-soignant\u00b7e\u00b7s peuvent poser ces actes.<\/p>\n\n\n\n<p>Les aides-soignant\u00b7e\u00b7s enregistr\u00e9\u00b7e\u00b7s doivent suivre <strong>une formation compl\u00e9mentaire<\/strong> de 150h avant de pouvoir effectuer ces 5 actes suppl\u00e9mentaires. Cette formation comprend \u00e0 la fois une partie th\u00e9orique et une partie pratique, sous la forme d\u2019un stage.<\/p>\n\n\n\n<p>Ces contenus visent \u00e0 permettre \u00e0 l\u2019\u00e9tudiant d\u2019acqu\u00e9rir les connaissances n\u00e9cessaires \u00e0 l\u2019\u00e9largissement de la fonction d\u2019aide-soignant pr\u00e9vu par l\u2019Arr\u00eat\u00e9 royal pr\u00e9cit\u00e9&nbsp;:<\/p>\n\n\n\n<ul>\n<li>d\u2019accro\u00eetre ses connaissances th\u00e9oriques et pratiques relatives aux activit\u00e9s d\u00e9l\u00e9gu\u00e9es par un infirmier apr\u00e8s que ce dernier ait \u00e9valu\u00e9 l\u2019\u00e9tat du b\u00e9n\u00e9ficiaire de soins ;<\/li>\n\n\n\n<li>d\u2019identifier les conditions de mise en \u0153uvre de ces nouvelles activit\u00e9s infirmi\u00e8res, dans un contexte de d\u00e9l\u00e9gation et les mettre en oeuvre;<\/li>\n\n\n\n<li>de mettre en \u0153uvre les premiers secours<strong>.<\/strong><\/li>\n<\/ul>\n\n\n\n<p><strong>Organisation de la formation<\/strong><\/p>\n\n\n\n<p><em>1<sup>e<\/sup> partie\u00a0: La partie th\u00e9orique (90 p\u00e9riodes).<\/em><\/p>\n\n\n\n<p>60 p\u00e9riodes&nbsp;: Apr\u00e8s une mise en route accompagn\u00e9e d\u2019un enseignant, l\u2019\u00e9tudiant doit r\u00e9aliser un parcours de formation en ligne sur une plateforme appel\u00e9e Modigia.<\/p>\n\n\n\n<p>30 p\u00e9riodes&nbsp;: Une fois le cours autoport\u00e9, l\u2019\u00e9tudiant revient en pr\u00e9sentiel pour de la mise en pratique.<\/p>\n\n\n\n<p><em>2<sup>e<\/sup> partie\u00a0: Le stage (90 p\u00e9riodes)<\/em><\/p>\n\n\n\n<p>L\u2019\u00e9tudiant r\u00e9alise un stage o\u00f9 il met en pratique les actes valid\u00e9s en cours.<\/p>\n\n\n\n<p><strong>Programmation<\/strong><\/p>\n\n\n\n<ul>\n<li>Formations sur site en fonction des inscriptions<\/li>\n\n\n\n<li>Formation en partenariat pour le projet Penta+\u00a0: un groupe de 17 \u00e9tudiants est form\u00e9 par l\u2019employeur. En convention, on forme ce groupe sur le site de l\u2019employeur.<\/li>\n\n\n\n<li>Plus d\u2019information\u00a0: prise de contact par mail <a href=\"mailto:info@epsvfmons.be\">info@epsvfmons.be<\/a><\/li>\n<\/ul>\n\n\n\n<p><strong>Condition d\u2019inscription<\/strong>&nbsp;<\/p>\n\n\n\n<p>Formation pour les aides-soignant.<\/p>\n\n\n\n<p><strong>Information suppl\u00e9mentaire<\/strong><\/p>\n\n\n\n<ul>\n<li>Vid\u00e9o de pr\u00e9sentation du projet\u00a0: <a href=\"https:\/\/youtu.be\/qeCNhHbECQI\">https:\/\/youtu.be\/qeCNhHbECQI<\/a><\/li>\n\n\n\n<li>Vid\u00e9o de pr\u00e9sentation de la connexion \u00e0 la plateforme\u00a0: <a href=\"https:\/\/youtu.be\/6GKaQ5ohpbM\">https:\/\/youtu.be\/6GKaQ5ohpbM<\/a><\/li>\n\n\n\n<li>Guide de connexion \u00e0 la plateforme\u00a0: disponible sur demande.<\/li>\n\n\n\n<li><a href=\"https:\/\/www.fe-bi.org\/fr\/thema\/53452\/pentaplus-en-quelques-mots\">PentaPlus en quelques mots &#8211; FeBi (fe-bi.org)<\/a><\/li>\n<\/ul>\n\n\n\n<figure class=\"wp-block-image size-full\"><img loading=\"lazy\" decoding=\"async\" width=\"158\" height=\"66\" src=\"https:\/\/www.epsvfmons.be\/wp-content\/uploads\/2026\/01\/image-3.png\" alt=\"\" class=\"wp-image-1050\"\/><\/figure>\n\n\n\n<h1 class=\"wp-block-heading\">Le projet PentaPlus<\/h1>\n\n\n\n<p>Au sein de l\u2019asbl FeBi, les Fonds sociaux et le FINSS ont uni leurs forces pour d\u00e9velopper un projet commun: PentaPlus. Ce projet permet \u00e0 tous les travailleur\u00b7euse\u00b7s des secteurs de la Commission paritaire des \u00e9tablissements et des services de sant\u00e9 (Commission paritaire-CP330) de suivre cette formation durant leurs heures de travail.<\/p>\n\n\n\n<p>Une convention collective de travail (CCT) relative aux modalit\u00e9s de la formation des aides-soignant\u00b7e\u00b7s a \u00e9t\u00e9 sign\u00e9e par&nbsp; les partenaires sociaux de ces secteurs.<\/p>\n\n\n\n<p>Cette convention offre \u00e0 tou\u00b7te\u00b7s les aides-soignant\u00b7e\u00b7s le droit de suivre cette formation et <strong>les partenaires sociaux s\u2019engagent \u00e0 soutenir financi\u00e8rement le volet th\u00e9orique de la formation<\/strong>.<\/p>\n\n\n\n<h2 class=\"wp-block-heading\">Le public concern\u00e9<\/h2>\n\n\n\n<p>Seul\u00b7e\u00b7s les aides-soignant\u00b7e\u00b7s issu\u00b7e\u00b7s d\u2019institutions appartenant aux secteurs de la commission paritaire pour les \u00e9tablissements et les services de sant\u00e9 (CP 330) peuvent b\u00e9n\u00e9ficier du projet. Il s\u2019agit des secteurs suivants :<\/p>\n\n\n\n<ul>\n<li>H\u00f4pitaux et maisons de soins psychiatriques<\/li>\n\n\n\n<li>Maison de repos et maisons de repos et de soins, les r\u00e9sidences- services, les centres de soins de jour et le centres d\u2019accueil de jour<\/li>\n\n\n\n<li>Soins infirmiers \u00e0 domicile<\/li>\n\n\n\n<li>Centres de revalidation autonomes<\/li>\n\n\n\n<li>Initiatives d\u2019habitations prot\u00e9g\u00e9es<\/li>\n\n\n\n<li>Maisons m\u00e9dicales<\/li>\n\n\n\n<li>Services de sang de la Croix Rouge de Belgique<\/li>\n\n\n\n<li>Etablissements et services de sant\u00e9 r\u00e9siduaires et bicommunautaires, \u00e0 l\u2019exclusion du secteur de la proth\u00e8se dentaire<\/li>\n<\/ul>\n\n\n\n<p><\/p>\n\n\n\n<div class=\"wp-block-buttons is-layout-flex wp-block-buttons-is-layout-flex\">\n<div class=\"wp-block-button\"><a class=\"wp-block-button__link wp-element-button\" href=\"https:\/\/www.epsvfmons.be\/?page_id=81\">Inscription<\/a><\/div>\n<\/div>\n\n\n\n<p><\/p>\n\n\n\n<p><\/p>\n\n\n\n<p><\/p>\n\n\n\n<p><\/p>\n\n\n\n<p><\/p>\n\n\n\n<p><\/p>\n\n\n\n<p><\/p>\n\n\n\n<p><\/p>\n\n\n\n<p><\/p>\n\n\n\n<p><\/p>\n\n\n\n<p><\/p>\n\n\n\n<p><\/p>\n\n\n\n<p><\/p>\n\n\n\n<p><\/p>\n\n\n\n<p><\/p>\n\n\n\n<p><\/p>\n","protected":false},"excerpt":{"rendered":"<p>Profil&nbsp;: Un arr\u00eat\u00e9 royal publi\u00e9 le 27 f\u00e9vrier 2019 pr\u00e9voit l\u2019\u00e9largissement des activit\u00e9s infirmi\u00e8res qui peuvent \u00eatre d\u00e9l\u00e9gu\u00e9es aux aides-soignant\u00b7e\u00b7s et les conditions dans lesquelles les aides-soignant\u00b7e\u00b7s peuvent poser ces actes. Les aides-soignant\u00b7e\u00b7s enregistr\u00e9\u00b7e\u00b7s doivent suivre une formation compl\u00e9mentaire de 150h avant de pouvoir effectuer ces 5 actes suppl\u00e9mentaires. Cette formation comprend \u00e0 la fois [&hellip;]<\/p>\n","protected":false},"author":1,"featured_media":0,"parent":0,"menu_order":0,"comment_status":"closed","ping_status":"closed","template":"","meta":{"footnotes":""},"_links":{"self":[{"href":"https:\/\/www.epsvfmons.be\/index.php?rest_route=\/wp\/v2\/pages\/760"}],"collection":[{"href":"https:\/\/www.epsvfmons.be\/index.php?rest_route=\/wp\/v2\/pages"}],"about":[{"href":"https:\/\/www.epsvfmons.be\/index.php?rest_route=\/wp\/v2\/types\/page"}],"author":[{"embeddable":true,"href":"https:\/\/www.epsvfmons.be\/index.php?rest_route=\/wp\/v2\/users\/1"}],"replies":[{"embeddable":true,"href":"https:\/\/www.epsvfmons.be\/index.php?rest_route=%2Fwp%2Fv2%2Fcomments&post=760"}],"version-history":[{"count":9,"href":"https:\/\/www.epsvfmons.be\/index.php?rest_route=\/wp\/v2\/pages\/760\/revisions"}],"predecessor-version":[{"id":1052,"href":"https:\/\/www.epsvfmons.be\/index.php?rest_route=\/wp\/v2\/pages\/760\/revisions\/1052"}],"wp:attachment":[{"href":"https:\/\/www.epsvfmons.be\/index.php?rest_route=%2Fwp%2Fv2%2Fmedia&parent=760"}],"curies":[{"name":"wp","href":"https:\/\/api.w.org\/{rel}","templated":true}]}}