{"id":83,"date":"2018-05-30T09:31:01","date_gmt":"2018-05-30T07:31:01","guid":{"rendered":"http:\/\/www.epsvfmons.be\/?page_id=83"},"modified":"2026-01-28T11:27:37","modified_gmt":"2026-01-28T10:27:37","slug":"minerval","status":"publish","type":"page","link":"https:\/\/www.epsvfmons.be\/?page_id=83","title":{"rendered":"Frais et droits d&rsquo;inscription"},"content":{"rendered":"<p>Les frais d\u2019inscription se composent de 2 parties :<\/p>\n<ul>\n<li>Droits d\u2019inscription fix\u00e9s par la communaut\u00e9 fran\u00e7aise.<\/li>\n<li>Frais administratifs fix\u00e9s par l\u2019\u00e9cole<\/li>\n<\/ul>\n\n\n<h2 class=\"wp-block-heading\">Les frais administratifs :<\/h2>\n\n\n\n<p>Des frais administratifs sont demand\u00e9s, afin de couvrir les frais logistiques li\u00e9s \u00e0 la formation.<\/p>\n\n\n\n<h2 class=\"wp-block-heading\">Les droits d&rsquo;inscriptions:<\/h2>\n\n\n\n<p>Ils varient en fonction:<\/p>\n\n\n\n<ul>\n<li>du type d\u2019enseignement suivi en promotion sociale\n<ul>\n<li>enseignement secondaire<\/li>\n\n\n\n<li>enseignement sup\u00e9rieur<\/li>\n<\/ul>\n<\/li>\n\n\n\n<li>du nombre de p\u00e9riodes de cours suivies<\/li>\n\n\n\n<li>de la situation ou statut de la personne qui s\u2019inscrit<\/li>\n<\/ul>\n\n\n\n<h3 class=\"wp-block-heading\">Exemption des droits d\u2019inscription pour qui?<\/h3>\n\n\n\n<p><strong>ACTIRIS et le FOREM d\u00e9livrent une attestation \u00e0 l\u2019\u00e9tablissement qui, selon la situation de l\u2019\u00e9tudiant, autorisent ou non l\u2019exon\u00e9ration des droits d\u2019inscription de la Communaut\u00e9 fran\u00e7aise, entre autres, sont exempt\u00e9s:<\/strong><\/p>\n\n\n\n<ul>\n<li>les personnes b\u00e9n\u00e9ficiaires d\u2019un revenu de ch\u00f4mage complet<\/li>\n\n\n\n<li>les personnes en stage d\u2019attente et inscrites comme demandeur d\u2019emploi.<\/li>\n<\/ul>\n\n\n\n<p><strong>Les personnes&nbsp;b\u00e9n\u00e9ficiaires d\u2019un revenu d\u2019int\u00e9gration sociale sont exempt\u00e9es, moyennant&nbsp;une attestation d\u00e9livr\u00e9e par le CPAS couvrant le d\u00e9but de la formation.<\/strong><\/p>\n","protected":false},"excerpt":{"rendered":"<p>Les frais d\u2019inscription se composent de 2 parties : Droits d\u2019inscription fix\u00e9s par la communaut\u00e9 fran\u00e7aise. Frais administratifs fix\u00e9s par l\u2019\u00e9cole Les frais administratifs : Des frais administratifs sont demand\u00e9s, afin de couvrir les frais logistiques li\u00e9s \u00e0 la formation. Les droits d&rsquo;inscriptions: Ils varient en fonction: Exemption des droits d\u2019inscription pour qui? ACTIRIS et [&hellip;]<\/p>\n","protected":false},"author":1,"featured_media":0,"parent":0,"menu_order":0,"comment_status":"closed","ping_status":"closed","template":"","meta":{"footnotes":""},"_links":{"self":[{"href":"https:\/\/www.epsvfmons.be\/index.php?rest_route=\/wp\/v2\/pages\/83"}],"collection":[{"href":"https:\/\/www.epsvfmons.be\/index.php?rest_route=\/wp\/v2\/pages"}],"about":[{"href":"https:\/\/www.epsvfmons.be\/index.php?rest_route=\/wp\/v2\/types\/page"}],"author":[{"embeddable":true,"href":"https:\/\/www.epsvfmons.be\/index.php?rest_route=\/wp\/v2\/users\/1"}],"replies":[{"embeddable":true,"href":"https:\/\/www.epsvfmons.be\/index.php?rest_route=%2Fwp%2Fv2%2Fcomments&post=83"}],"version-history":[{"count":11,"href":"https:\/\/www.epsvfmons.be\/index.php?rest_route=\/wp\/v2\/pages\/83\/revisions"}],"predecessor-version":[{"id":1139,"href":"https:\/\/www.epsvfmons.be\/index.php?rest_route=\/wp\/v2\/pages\/83\/revisions\/1139"}],"wp:attachment":[{"href":"https:\/\/www.epsvfmons.be\/index.php?rest_route=%2Fwp%2Fv2%2Fmedia&parent=83"}],"curies":[{"name":"wp","href":"https:\/\/api.w.org\/{rel}","templated":true}]}}