{"id":97,"date":"2018-05-30T09:46:21","date_gmt":"2018-05-30T07:46:21","guid":{"rendered":"http:\/\/www.epsvfmons.be\/?page_id=97"},"modified":"2026-01-27T15:51:20","modified_gmt":"2026-01-27T14:51:20","slug":"formation-daide-familial","status":"publish","type":"page","link":"https:\/\/www.epsvfmons.be\/?page_id=97","title":{"rendered":"Formation d&rsquo;aide familial"},"content":{"rendered":"\n<figure class=\"wp-block-image size-full\"><img loading=\"lazy\" decoding=\"async\" width=\"503\" height=\"492\" src=\"https:\/\/www.epsvfmons.be\/wp-content\/uploads\/2026\/01\/image-4.png\" alt=\"\" class=\"wp-image-1061\" srcset=\"https:\/\/www.epsvfmons.be\/wp-content\/uploads\/2026\/01\/image-4.png 503w, https:\/\/www.epsvfmons.be\/wp-content\/uploads\/2026\/01\/image-4-300x293.png 300w\" sizes=\"(max-width: 503px) 100vw, 503px\" \/><\/figure>\n\n\n<p><strong>Profil\u00a0:<\/strong><\/p>\n<p>L\u2019aide familial\/familiale (AF) est une personne intervenante polyvalente au domicile de la personne b\u00e9n\u00e9ficiaire dont le r\u00f4le social est d\u2019accompagner les personnes, sur leur lieu de vie, pour pr\u00e9server et stimuler leur autonomie, en veillant \u00e0 leur qualit\u00e9 de vie et \u00e0 leur bien-\u00eatre.<\/p>\n<p>Cette mission d\u2019accompagnement se d\u00e9cline \u00e0 travers diverses actions : entretien de l\u2019habitation et du linge, courses m\u00e9nag\u00e8res, r\u00f4le \u00e9ducatif, aide aux pratiques hygi\u00e9niques, aide administrative, observation, pr\u00e9vention et soutien social, dans le cadre du plan d\u2019aide d\u00e9fini par la personne travailleuse sociale.<\/p>\n<p>L\u2019AF stimule les potentialit\u00e9s de la personne b\u00e9n\u00e9ficiaire afin de le maintenir dans une dynamique active : la personne b\u00e9n\u00e9ficiaire, si elle le peut, prend part aux t\u00e2ches r\u00e9alis\u00e9es par l\u2019AF.<\/p>\n<p>L\u2019AF accompagne la personne b\u00e9n\u00e9ficiaire dans toutes ces activit\u00e9s de la vie quotidienne. L\u2019AF privil\u00e9gie sa pr\u00e9sence aupr\u00e8s de la personne b\u00e9n\u00e9ficiaire quand cela est possible. Par exemple : lors du repassage, l\u2019AF est dans la m\u00eame pi\u00e8ce que la personne b\u00e9n\u00e9ficiaire.<\/p>\n<p>L\u2019AF contribue au maintien des conditions optimales de s\u00e9curit\u00e9, d\u2019hygi\u00e8ne et de confort tant physiques que morales pour la personne b\u00e9n\u00e9ficiaire et son environnement.<\/p>\n<p>L\u2019AF agit en pr\u00e9sence de la personne b\u00e9n\u00e9ficiaire. Sa pr\u00e9sence permet de rompre avec l\u2019isolement des personnes. Toutefois, certaines situations peuvent justifier de mani\u00e8re exceptionnelle une prestation en l\u2019absence de la personne b\u00e9n\u00e9ficiaire.<\/p>\n<p>La mission de l\u2019aide familial\/ familiale s\u2019exerce en \u00e9troite collaboration avec les personnes aidants proches pour autant que ce soit possible.<\/p>\n<p>L\u2019AF vient en aide \u00e0 un public fragilis\u00e9, avec des profils h\u00e9t\u00e9rog\u00e8nes et complexes\u00a0: des personnes a\u00een\u00e9es, des familles, des personnes malades, handicap\u00e9es, en fin de vie, en situation sociale complexe, un public souffrant de maladies psychiques \/ mentales \/ psychologiques.<\/p>\n<p>L\u2019AF respecte et s\u2019adapte \u00e0 la personne b\u00e9n\u00e9ficiaire, \u00e0 son lieu et mode de vie.<\/p>\n<p>L\u2019AF cr\u00e9e un climat de confiance pour favoriser les \u00e9changes avec la personne b\u00e9n\u00e9ficiaire. La complexit\u00e9 des situations rencontr\u00e9es peut engendrer une charge \u00e9motionnelle, source potentielle de charge psychosociale chez la personne professionnelle qui travaille.<\/p>\n<p>L\u2019AF est li\u00e9\u00b7e par un devoir de discr\u00e9tion par rapport aux situations rencontr\u00e9es, par rapport \u00e0 sa vie priv\u00e9e et par rapport \u00e0 la vie et au travail de ses coll\u00e8gues. L\u2019AF fait preuve d\u2019ouverture d\u2019esprit, d\u2019assertivit\u00e9, de respect et de professionnalisme dans l\u2019accompagnement des personnes b\u00e9n\u00e9ficiaires.<\/p>\n<p>L\u2019AF veille \u00e0 sa s\u00e9curit\u00e9 personnelle en respectant les r\u00e8gles et instructions de s\u00e9curit\u00e9 et \u00e0 sa sant\u00e9 personnelle en portant attention \u00e0 l\u2019hygi\u00e8ne au travail et \u00e0 l\u2019ergonomie. L\u2019AF veille \u00e9galement \u00e0 sa pr\u00e9sentation vestimentaire en utilisant les \u00e9quipements de travail individuels fournis par le service.<\/p>\n<p>Ses principales t\u00e2ches sont\u00a0:<\/p>\n<ul>\n<li>Entretenir le lieu de vie en s\u2019adaptant aux habitudes de vie de la personne b\u00e9n\u00e9ficiaire et en veillant \u00e0 sa s\u00e9curit\u00e9 ;<\/li>\n<li>Entretenir et repasser le linge ;<\/li>\n<li>Distribuer les repas et aider \u00e0 la prise de repas ;<\/li>\n<li>Pr\u00e9parer les repas et aider \u00e0 la prise de repas ;<\/li>\n<li>Assurer le bien-\u00eatre physique et la s\u00e9curit\u00e9 de la personne b\u00e9n\u00e9ficiaire ;<\/li>\n<li>Apporter un soutien relationnel au b\u00e9n\u00e9ficiaire, \u00e0 son entourage et \u00e0 la personne aidant proche<\/li>\n<li>Assurer un r\u00f4le socio-\u00e9ducatif aupr\u00e8s de la personne b\u00e9n\u00e9ficiaire et de son entourage<\/li>\n<li>Relayer les informations aupr\u00e8s des diff\u00e9rentes personnes professionnelles intervenantes.<\/li>\n<\/ul>\n<p>\u00a0<\/p>\n<p><strong>Lieux de prestation<\/strong><\/p>\n<p>L\u2019AF travaille dans le lieu de vie des b\u00e9n\u00e9ficiaires, \u00e0 l\u2019exclusion des structures l\u2019h\u00e9bergement collectif dont la liste est d\u00e9finie par le Gouvernement (maisons de repos, maisons de repos et de soins, h\u00f4pitaux\u2026).<\/p>\n<p>Le lieu d\u2019exercice du m\u00e9tier d\u2019AF est sp\u00e9cifique puisque c\u2019est un lieu de vie priv\u00e9e. L\u2019AF ne travaille pas physiquement dans le service d\u2019aide \u00e0 domicile et se trouve souvent seul comme personne professionnelle intervenante sur le lieu de vie avec la personne b\u00e9n\u00e9ficiaire.<\/p>\n<p>Le m\u00e9tier d\u2019AF s\u2019exerce seul sur le lieu de vie de la personne b\u00e9n\u00e9ficiaire, l\u2019AF est int\u00e9gr\u00e9\u00b7e dans le travail social et fait partie d\u2019une \u00e9quipe et collabore \u00e9troitement avec les diff\u00e9rents m\u00e9tiers d\u2019aide \u00e0 domicile internes au service.<\/p>\n<p>\u00a0<\/p>\n<p><strong>Titre d\u00e9livr\u00e9<\/strong><\/p>\n<p>Certificat de qualification de l\u2019\u00ab Aide familial\/\u00a0 FAMILIALE\u00a0\u00bb correspondant au certificat de qualification \u00ab\u00a0Aide familial\/aide familiale\u00a0\u00bb d\u00e9livr\u00e9 par l\u2019enseignement secondaire sup\u00e9rieur de plein exercice.<\/p>\n<p><strong>Organigramme de la section<\/strong><\/p>\n\n\n<figure class=\"wp-block-image size-full\"><img loading=\"lazy\" decoding=\"async\" width=\"945\" height=\"587\" src=\"https:\/\/www.epsvfmons.be\/wp-content\/uploads\/2026\/01\/image-5.png\" alt=\"\" class=\"wp-image-1063\" srcset=\"https:\/\/www.epsvfmons.be\/wp-content\/uploads\/2026\/01\/image-5.png 945w, https:\/\/www.epsvfmons.be\/wp-content\/uploads\/2026\/01\/image-5-300x186.png 300w, https:\/\/www.epsvfmons.be\/wp-content\/uploads\/2026\/01\/image-5-768x477.png 768w\" sizes=\"(max-width: 945px) 100vw, 945px\" \/><\/figure>\n\n\n\n<p><strong>Programmation<\/strong><\/p>\n\n\n\n<p>Deux formations par an\u00a0:<\/p>\n\n\n\n<p>En septembre avec une s\u00e9ance d\u2019info\/inscription en juin<\/p>\n\n\n\n<p>En janvier avec une s\u00e9ance d\u2019info\/inscription en novembre<\/p>\n\n\n\n<p><strong>Condition d\u2019inscription\u00a0<\/strong><\/p>\n\n\n\n<p>Avec au minimum un CESI ou CE2D.<\/p>\n\n\n\n<p><strong>Dur\u00e9e de la formation\u00a0<\/strong><\/p>\n\n\n\n<p>10 mois<\/p>\n\n\n\n<div class=\"wp-block-buttons is-layout-flex wp-block-buttons-is-layout-flex\">\n<div class=\"wp-block-button\"><a class=\"wp-block-button__link wp-element-button\" href=\"https:\/\/www.epsvfmons.be\/?page_id=81\">Inscription<\/a><\/div>\n<\/div>\n","protected":false},"excerpt":{"rendered":"<p>Profil\u00a0: L\u2019aide familial\/familiale (AF) est une personne intervenante polyvalente au domicile de la personne b\u00e9n\u00e9ficiaire dont le r\u00f4le social est d\u2019accompagner les personnes, sur leur lieu de vie, pour pr\u00e9server et stimuler leur autonomie, en veillant \u00e0 leur qualit\u00e9 de vie et \u00e0 leur bien-\u00eatre. Cette mission d\u2019accompagnement se d\u00e9cline \u00e0 travers diverses actions : [&hellip;]<\/p>\n","protected":false},"author":1,"featured_media":463,"parent":0,"menu_order":0,"comment_status":"closed","ping_status":"closed","template":"","meta":{"footnotes":""},"_links":{"self":[{"href":"https:\/\/www.epsvfmons.be\/index.php?rest_route=\/wp\/v2\/pages\/97"}],"collection":[{"href":"https:\/\/www.epsvfmons.be\/index.php?rest_route=\/wp\/v2\/pages"}],"about":[{"href":"https:\/\/www.epsvfmons.be\/index.php?rest_route=\/wp\/v2\/types\/page"}],"author":[{"embeddable":true,"href":"https:\/\/www.epsvfmons.be\/index.php?rest_route=\/wp\/v2\/users\/1"}],"replies":[{"embeddable":true,"href":"https:\/\/www.epsvfmons.be\/index.php?rest_route=%2Fwp%2Fv2%2Fcomments&post=97"}],"version-history":[{"count":12,"href":"https:\/\/www.epsvfmons.be\/index.php?rest_route=\/wp\/v2\/pages\/97\/revisions"}],"predecessor-version":[{"id":1066,"href":"https:\/\/www.epsvfmons.be\/index.php?rest_route=\/wp\/v2\/pages\/97\/revisions\/1066"}],"wp:featuredmedia":[{"embeddable":true,"href":"https:\/\/www.epsvfmons.be\/index.php?rest_route=\/wp\/v2\/media\/463"}],"wp:attachment":[{"href":"https:\/\/www.epsvfmons.be\/index.php?rest_route=%2Fwp%2Fv2%2Fmedia&parent=97"}],"curies":[{"name":"wp","href":"https:\/\/api.w.org\/{rel}","templated":true}]}}